




{"id":21375,"date":"2018-09-03T14:07:09","date_gmt":"2018-09-03T12:07:09","guid":{"rendered":"http:\/\/lux-dog.com\/opsti-sektor\/"},"modified":"2024-01-23T23:26:46","modified_gmt":"2024-01-23T22:26:46","slug":"general-affairs","status":"publish","type":"page","link":"https:\/\/lux-dog.com\/en\/general-affairs\/","title":{"rendered":"General Affairs"},"content":{"rendered":"<ul>\n<li><span style=\"background-color: #ffffff; color: #000000; font-family: 'times new roman', times, serif;\">Miroslav Kotevski<\/span><\/li>\n<li><span style=\"background-color: #ffffff; color: #000000; font-family: 'times new roman', times, serif;\">Dragana Trivkovi\u0107<\/span><\/li>\n<li><span style=\"background-color: #ffffff; color: #000000; font-family: 'times new roman', times, serif;\">Jelena Bo\u017einova<\/span><\/li>\n<li><span style=\"background-color: #ffffff; color: #000000; font-family: 'times new roman', times, serif;\">Neda Nikoli\u0107<\/span><\/li>\n<li><span style=\"background-color: #ffffff; color: #000000; font-family: 'times new roman', times, serif;\">Smiljana Paunovi\u0107<\/span><\/li>\n<\/ul>\n\n","protected":false},"excerpt":{"rendered":"<p>Miroslav Kotevski Dragana Trivkovi\u0107 Jelena Bo\u017einova Neda Nikoli\u0107 Smiljana Paunovi\u0107<\/p>\n","protected":false},"author":2,"featured_media":0,"parent":0,"menu_order":1,"comment_status":"closed","ping_status":"closed","template":"page-templates\/general_sector.php","meta":{"_crdt_document":"","footnotes":""},"class_list":["post-21375","page","type-page","status-publish","hentry"],"acf":[],"yoast_head":"<!-- This site is optimized with the Yoast SEO plugin v21.7 - https:\/\/yoast.com\/wordpress\/plugins\/seo\/ -->\n<title>General Affairs - ips<\/title>\n<meta name=\"robots\" content=\"index, follow, max-snippet:-1, max-image-preview:large, max-video-preview:-1\" \/>\n<link rel=\"canonical\" href=\"https:\/\/lux-dog.com\/en\/general-affairs\/\" \/>\n<meta property=\"og:locale\" content=\"en_US\" \/>\n<meta property=\"og:type\" content=\"article\" \/>\n<meta property=\"og:title\" content=\"General Affairs - ips\" \/>\n<meta property=\"og:description\" content=\"Miroslav Kotevski Dragana Trivkovi\u0107 Jelena Bo\u017einova Neda Nikoli\u0107 Smiljana Paunovi\u0107\" \/>\n<meta property=\"og:url\" content=\"https:\/\/lux-dog.com\/en\/general-affairs\/\" \/>\n<meta property=\"og:site_name\" content=\"ips\" \/>\n<meta property=\"article:modified_time\" content=\"2024-01-23T22:26:46+00:00\" \/>\n<meta name=\"twitter:card\" content=\"summary_large_image\" \/>\n<meta name=\"twitter:label1\" content=\"Est. reading time\" \/>\n\t<meta name=\"twitter:data1\" content=\"1 minute\" \/>\n<script type=\"application\/ld+json\" class=\"yoast-schema-graph\">{\"@context\":\"https:\/\/schema.org\",\"@graph\":[{\"@type\":\"WebPage\",\"@id\":\"https:\/\/lux-dog.com\/en\/general-affairs\/\",\"url\":\"https:\/\/lux-dog.com\/en\/general-affairs\/\",\"name\":\"General Affairs - ips\",\"isPartOf\":{\"@id\":\"https:\/\/lux-dog.com\/#website\"},\"datePublished\":\"2018-09-03T12:07:09+00:00\",\"dateModified\":\"2024-01-23T22:26:46+00:00\",\"breadcrumb\":{\"@id\":\"https:\/\/lux-dog.com\/en\/general-affairs\/#breadcrumb\"},\"inLanguage\":\"en-US\",\"potentialAction\":[{\"@type\":\"ReadAction\",\"target\":[\"https:\/\/lux-dog.com\/en\/general-affairs\/\"]}]},{\"@type\":\"BreadcrumbList\",\"@id\":\"https:\/\/lux-dog.com\/en\/general-affairs\/#breadcrumb\",\"itemListElement\":[{\"@type\":\"ListItem\",\"position\":1,\"name\":\"Home\",\"item\":\"https:\/\/lux-dog.com\/en\/\"},{\"@type\":\"ListItem\",\"position\":2,\"name\":\"General Affairs\"}]},{\"@type\":\"WebSite\",\"@id\":\"https:\/\/lux-dog.com\/#website\",\"url\":\"https:\/\/lux-dog.com\/\",\"name\":\"ips\",\"description\":\"\u0418\u043d\u0441\u0442\u0438\u0442\u0443\u0442 \u0437\u0430 \u043f\u043e\u043b\u0438\u0442\u0438\u0447\u043a\u0435 \u0441\u0442\u0443\u0434\u0438\u0458\u0435\",\"potentialAction\":[{\"@type\":\"SearchAction\",\"target\":{\"@type\":\"EntryPoint\",\"urlTemplate\":\"https:\/\/lux-dog.com\/?s={search_term_string}\"},\"query-input\":\"required name=search_term_string\"}],\"inLanguage\":\"en-US\"}]}<\/script>\n<!-- \/ Yoast SEO plugin. -->","yoast_head_json":{"title":"General Affairs - ips","robots":{"index":"index","follow":"follow","max-snippet":"max-snippet:-1","max-image-preview":"max-image-preview:large","max-video-preview":"max-video-preview:-1"},"canonical":"https:\/\/lux-dog.com\/en\/general-affairs\/","og_locale":"en_US","og_type":"article","og_title":"General Affairs - ips","og_description":"Miroslav Kotevski Dragana Trivkovi\u0107 Jelena Bo\u017einova Neda Nikoli\u0107 Smiljana Paunovi\u0107","og_url":"https:\/\/lux-dog.com\/en\/general-affairs\/","og_site_name":"ips","article_modified_time":"2024-01-23T22:26:46+00:00","twitter_card":"summary_large_image","twitter_misc":{"Est. reading time":"1 minute"},"schema":{"@context":"https:\/\/schema.org","@graph":[{"@type":"WebPage","@id":"https:\/\/lux-dog.com\/en\/general-affairs\/","url":"https:\/\/lux-dog.com\/en\/general-affairs\/","name":"General Affairs - ips","isPartOf":{"@id":"https:\/\/lux-dog.com\/#website"},"datePublished":"2018-09-03T12:07:09+00:00","dateModified":"2024-01-23T22:26:46+00:00","breadcrumb":{"@id":"https:\/\/lux-dog.com\/en\/general-affairs\/#breadcrumb"},"inLanguage":"en-US","potentialAction":[{"@type":"ReadAction","target":["https:\/\/lux-dog.com\/en\/general-affairs\/"]}]},{"@type":"BreadcrumbList","@id":"https:\/\/lux-dog.com\/en\/general-affairs\/#breadcrumb","itemListElement":[{"@type":"ListItem","position":1,"name":"Home","item":"https:\/\/lux-dog.com\/en\/"},{"@type":"ListItem","position":2,"name":"General Affairs"}]},{"@type":"WebSite","@id":"https:\/\/lux-dog.com\/#website","url":"https:\/\/lux-dog.com\/","name":"ips","description":"\u0418\u043d\u0441\u0442\u0438\u0442\u0443\u0442 \u0437\u0430 \u043f\u043e\u043b\u0438\u0442\u0438\u0447\u043a\u0435 \u0441\u0442\u0443\u0434\u0438\u0458\u0435","potentialAction":[{"@type":"SearchAction","target":{"@type":"EntryPoint","urlTemplate":"https:\/\/lux-dog.com\/?s={search_term_string}"},"query-input":"required name=search_term_string"}],"inLanguage":"en-US"}]}},"_links":{"self":[{"href":"https:\/\/lux-dog.com\/en\/wp-json\/wp\/v2\/pages\/21375","targetHints":{"allow":["GET"]}}],"collection":[{"href":"https:\/\/lux-dog.com\/en\/wp-json\/wp\/v2\/pages"}],"about":[{"href":"https:\/\/lux-dog.com\/en\/wp-json\/wp\/v2\/types\/page"}],"author":[{"embeddable":true,"href":"https:\/\/lux-dog.com\/en\/wp-json\/wp\/v2\/users\/2"}],"replies":[{"embeddable":true,"href":"https:\/\/lux-dog.com\/en\/wp-json\/wp\/v2\/comments?post=21375"}],"version-history":[{"count":12,"href":"https:\/\/lux-dog.com\/en\/wp-json\/wp\/v2\/pages\/21375\/revisions"}],"predecessor-version":[{"id":37496,"href":"https:\/\/lux-dog.com\/en\/wp-json\/wp\/v2\/pages\/21375\/revisions\/37496"}],"wp:attachment":[{"href":"https:\/\/lux-dog.com\/en\/wp-json\/wp\/v2\/media?parent=21375"}],"curies":[{"name":"wp","href":"https:\/\/api.w.org\/{rel}","templated":true}]}}