




{"id":33542,"date":"2023-06-19T14:15:04","date_gmt":"2023-06-19T12:15:04","guid":{"rendered":"http:\/\/lux-dog.com\/?page_id=33542"},"modified":"2024-11-13T11:12:00","modified_gmt":"2024-11-13T10:12:00","slug":"research-centres","status":"publish","type":"page","link":"https:\/\/lux-dog.com\/en\/research-centres\/","title":{"rendered":"Research centres"},"content":{"rendered":"\n<p>\u00a0<\/p>\n<p><strong>1. CENTER FOR GEOPOLITICS<\/strong><\/p>\n<p>\u00a0<\/p>\n<p>\u00a01. Milomir Stepi\u0107\u00a0 (Head of Research Center)<\/p>\n<p>\u00a02. Mirjana Radoji\u010di\u0107<\/p>\n<p>\u00a03. Marko Pejkovi\u0107<\/p>\n<p>\u00a04. Aleksandar Luki\u0107<\/p>\n<p>\u00a05. Olga Stevanovi\u0107<\/p>\n<p>\u00a06. Bojana Sekuli\u0107<\/p>\n<p>\u00a07. Du\u0161an Gujani\u010di\u0107<\/p>\n<p>\u00a0<\/p>\n<p><strong>\u00a02. CENTER FOR KOSOVO AND METOHIA<\/strong><\/p>\n<p>\u00a0<\/p>\n<p>\u00a01. Aleksandra Mirovi\u0107 Jankovi\u0107 (Head of Research Center)<\/p>\n<p>\u00a02. Mom\u010dilo Suboti\u0107<\/p>\n<p>\u00a03. \u0110uro Bodro\u017ei\u0107<\/p>\n<p>\u00a04. Jelena Miljkovi\u0107 Mati\u0107<\/p>\n<p>\u00a05. Petar Mati\u0107<\/p>\n<p>\u00a06. Mario Kalik<\/p>\n<p>\u00a07. Stefan Radojkovi\u0107<\/p>\n<p>\u00a08. Du\u0161an \u010corbi\u0107<\/p>\n<p>\u00a09. Nenad Spasojevi\u0107<\/p>\n<p>10. Nikola Peri\u0161i\u0107<\/p>\n<p>\u00a0<\/p>\n<p>\u00a0<\/p>\n<p><strong>3. CENTER FOR THE CULTURE OF MEMORY<\/strong><\/p>\n<p>\u00a0<\/p>\n<p>\u00a01. Sanja \u0160uljagi\u0107 (Head of Research Center)<\/p>\n<p>\u00a02. Dragan Markovi\u0107<\/p>\n<p>\u00a03. Aleksandra Kolakovi\u0107<\/p>\n<p>\u00a04. Milena Pe\u0161i\u0107<\/p>\n<p>\u00a05. Sanja Sto\u0161i\u0107<\/p>\n<p>\u00a06. Jovan Janji\u0107<\/p>\n<p>\u00a0<\/p>\n<p><strong>4. CENTER FOR POLITICAL SYSTEM AND STATE ADMINISTRATION\u00a0<\/strong><\/p>\n<p>\u00a0<\/p>\n<p>\u00a01. Petar Mati\u0107 (Head of Research Center)<\/p>\n<p>\u00a02. Sanja Lazarevi\u0107 Radak<\/p>\n<p>\u00a03. Jelena Todorovi\u0107 Lazi\u0107<\/p>\n<p>\u00a04. Stevan Rapai\u0107<\/p>\n<p>\u00a05. Du\u0161an Dostani\u0107<\/p>\n<p>\u00a06. Mijodrag Radojevi\u0107<\/p>\n<p>\u00a07. Aleksandra Mirovi\u0107 Jankovi\u0107<\/p>\n<p>\u00a08. Andrijana Jovanovi\u0107<\/p>\n<p>\u00a09. Nikola Lazi\u0107<\/p>\n<p>\u00a0<\/p>\n<p><strong>5. CENTER FOR POLITICAL ANTHROPOLOGY AND PSYCHOLOGY\u00a0<\/strong><\/p>\n<p>\u00a0<\/p>\n<p>\u00a01. Milo\u0161 Jevti\u0107 (Head of Research Center)<\/p>\n<p>\u00a02. Bogdana Koljevi\u0107 Griffith<\/p>\n<p>\u00a03. Sr\u0111an Kora\u0107<\/p>\n<p>\u00a04. Ivan Mati\u0107<\/p>\n<p>\u00a05. Adrijana Grmu\u0161\u0430<\/p>\n<p>\u00a06. Marta Ne\u0161kovi\u0107<\/p>\n<p>\u00a07. Marija Doki\u0107<\/p>\n<p>\u00a08. Nenad Spasojevi\u0107<\/p>\n<p>\u00a09. Andrea Jovanovi\u0107<\/p>\n<p>10. Zoran \u0106irjakovi\u0107<\/p>\n<p>\u00a0<\/p>\n<p><strong>6. CENTER FOR POLITICAL SOCIOLOGY\u00a0<\/strong><\/p>\n<p>\u00a0<\/p>\n<p>\u00a01. Vladan Stankovi\u0107 (Head of Research Center)<\/p>\n<p>\u00a02. Igor Janev<\/p>\n<p>\u00a03. Tijana Peri\u0107 Diligenski<\/p>\n<p>\u00a04. Predrag Terzic<\/p>\n<p>\u00a05. Zoran Milosavljevi\u0107<\/p>\n<p>\u00a0<\/p>\n<p><strong>7. CENTER FOR POLITICAL THEORY<\/strong><\/p>\n<p>\u00a0<\/p>\n<p>\u00a01. Ljubi\u0161a Despotovi\u0107 (Head of Research Center)<\/p>\n<p>\u00a02. Vi\u0161nja Stojadinovi\u0107<\/p>\n<p>\u00a03. Ivana Luknar\u00a0<\/p>\n<p>\u00a04. Vanja Gli\u0161in<\/p>\n<p>\u00a05. \u0110or\u0111e Stojanovi\u0107<\/p>\n<p>\u00a06. Ana Jevtovi\u0107<\/p>\n<p>\u00a07. Milo\u0161 Vuli\u0107<\/p>\n<p>\u00a08. Jovan Beri\u0107<\/p>\n<p>\u00a09. Viktor Stamenkovi\u0107<\/p>\n<p>\u00a0<\/p>\n<p><strong>\u00a08. CENTER FOR SECURITY STUDIES<\/strong><\/p>\n<p>\u00a0<\/p>\n<p>\u00a01. Marija \u0110ori\u0107 (Head of Research Center)<\/p>\n<p>\u00a02. Milica Stoj\u010di\u0107<\/p>\n<p>\u00a03. Ljiljana Kolarski<\/p>\n<p>\u00a04. Andrea Matijevi\u0107<\/p>\n<p>\u00a0<\/p>\n<p><strong><span class=\"VIpgJd-yAWNEb-VIpgJd-fmcmS-sn54Q\" style=\"color: #000000; background-color: #ffffff;\">External collaborators:<\/span><\/strong><br \/><br \/><\/p>\n<p style=\"text-align: justify;\"><span style=\"background-color: #ffffff;\">Prof. Dr. Violeta Ra\u0161kovi\u0107 Talovi\u0107, Dean of the Faculty of International Politics and Security<\/span><\/p>\n<p style=\"text-align: justify;\"><span style=\"background-color: #ffffff;\">Lieutenant Colonel Sr\u0111an Blagojevi\u0107 PhD, Associate Professor, Head of the Military Academy, University of Defense<\/span><\/p>\n<p style=\"text-align: justify;\"><span style=\"background-color: #ffffff;\">Colonel Sr\u0111an Star\u010devi\u0107 PhD, Associate Professor, Vice Rector for Quality and Development, University of Defense<\/span><\/p>\n<p style=\"text-align: justify;\"><span style=\"background-color: #ffffff;\">Associate Professor Dragan Stanar, PhD, Director of the Strategic Research Institute<\/span><\/p>\n<p style=\"text-align: justify;\"><span style=\"background-color: #ffffff;\">Colonel Milovan Suboti\u0107, PhD, Head of the Department of Security Studies (Strategic Research Institute)<\/span><\/p>\n<p>\u0410ssociate Professor Dr. Jovanka \u0160aranovi\u0107, Coordinator for Gender Equality, Ministry of Defence<\/p>\n<p>\u00a0<\/p>\n<p><strong>\u00a09. CENTER FOR THE STUDY OF DEMOCRACY AND POLITICAL PARTIES<\/strong><\/p>\n<p>\u00a0<\/p>\n<p>\u00a01. Nada Radu\u0161ki (Head of Research Center)<\/p>\n<p>\u00a02. Vesna Stankovi\u0107 Pejnovi\u0107<\/p>\n<p>\u00a03. Nikola Mladenovi\u0107<\/p>\n<p>\u00a04. Jelena Vujanovi\u0107<\/p>\n<p>\u00a05. Nikola Peri\u0161i\u0107<\/p>\n<p>\u00a06. Savo Simi\u0107<strong>\u00a0<\/strong><\/p>\n","protected":false},"excerpt":{"rendered":"<p>\u00a0 1. CENTER FOR GEOPOLITICS \u00a0 \u00a01. Milomir Stepi\u0107\u00a0 (Head of Research Center) \u00a02. Mirjana Radoji\u010di\u0107 \u00a03. Marko Pejkovi\u0107 \u00a04. Aleksandar Luki\u0107 \u00a05. Olga Stevanovi\u0107 \u00a06. Bojana Sekuli\u0107 \u00a07. Du\u0161an Gujani\u010di\u0107 \u00a0 \u00a02. CENTER FOR KOSOVO AND METOHIA \u00a0 \u00a01. Aleksandra Mirovi\u0107 Jankovi\u0107 (Head of Research Center) \u00a02. Mom\u010dilo Suboti\u0107 \u00a03. \u0110uro Bodro\u017ei\u0107 \u00a04. Jelena [&hellip;]<\/p>\n","protected":false},"author":2,"featured_media":0,"parent":0,"menu_order":0,"comment_status":"closed","ping_status":"closed","template":"","meta":{"_crdt_document":"","footnotes":""},"class_list":["post-33542","page","type-page","status-publish","hentry"],"acf":[],"yoast_head":"<!-- This site is optimized with the Yoast SEO plugin v21.7 - https:\/\/yoast.com\/wordpress\/plugins\/seo\/ -->\n<title>Research centres - ips<\/title>\n<meta name=\"robots\" content=\"index, follow, max-snippet:-1, max-image-preview:large, max-video-preview:-1\" \/>\n<link rel=\"canonical\" href=\"https:\/\/lux-dog.com\/en\/research-centres\/\" \/>\n<meta property=\"og:locale\" content=\"en_US\" \/>\n<meta property=\"og:type\" content=\"article\" \/>\n<meta property=\"og:title\" content=\"Research centres - ips\" \/>\n<meta property=\"og:description\" content=\"\u00a0 1. CENTER FOR GEOPOLITICS \u00a0 \u00a01. Milomir Stepi\u0107\u00a0 (Head of Research Center) \u00a02. Mirjana Radoji\u010di\u0107 \u00a03. Marko Pejkovi\u0107 \u00a04. Aleksandar Luki\u0107 \u00a05. Olga Stevanovi\u0107 \u00a06. Bojana Sekuli\u0107 \u00a07. Du\u0161an Gujani\u010di\u0107 \u00a0 \u00a02. CENTER FOR KOSOVO AND METOHIA \u00a0 \u00a01. Aleksandra Mirovi\u0107 Jankovi\u0107 (Head of Research Center) \u00a02. Mom\u010dilo Suboti\u0107 \u00a03. \u0110uro Bodro\u017ei\u0107 \u00a04. Jelena [&hellip;]\" \/>\n<meta property=\"og:url\" content=\"https:\/\/lux-dog.com\/en\/research-centres\/\" \/>\n<meta property=\"og:site_name\" content=\"ips\" \/>\n<meta property=\"article:modified_time\" content=\"2024-11-13T10:12:00+00:00\" \/>\n<meta name=\"twitter:card\" content=\"summary_large_image\" \/>\n<meta name=\"twitter:label1\" content=\"Est. reading time\" \/>\n\t<meta name=\"twitter:data1\" content=\"3 minutes\" \/>\n<script type=\"application\/ld+json\" class=\"yoast-schema-graph\">{\"@context\":\"https:\/\/schema.org\",\"@graph\":[{\"@type\":\"WebPage\",\"@id\":\"https:\/\/lux-dog.com\/en\/research-centres\/\",\"url\":\"https:\/\/lux-dog.com\/en\/research-centres\/\",\"name\":\"Research centres - ips\",\"isPartOf\":{\"@id\":\"https:\/\/lux-dog.com\/#website\"},\"datePublished\":\"2023-06-19T12:15:04+00:00\",\"dateModified\":\"2024-11-13T10:12:00+00:00\",\"breadcrumb\":{\"@id\":\"https:\/\/lux-dog.com\/en\/research-centres\/#breadcrumb\"},\"inLanguage\":\"en-US\",\"potentialAction\":[{\"@type\":\"ReadAction\",\"target\":[\"https:\/\/lux-dog.com\/en\/research-centres\/\"]}]},{\"@type\":\"BreadcrumbList\",\"@id\":\"https:\/\/lux-dog.com\/en\/research-centres\/#breadcrumb\",\"itemListElement\":[{\"@type\":\"ListItem\",\"position\":1,\"name\":\"Home\",\"item\":\"https:\/\/lux-dog.com\/en\/\"},{\"@type\":\"ListItem\",\"position\":2,\"name\":\"Research centres\"}]},{\"@type\":\"WebSite\",\"@id\":\"https:\/\/lux-dog.com\/#website\",\"url\":\"https:\/\/lux-dog.com\/\",\"name\":\"ips\",\"description\":\"\u0418\u043d\u0441\u0442\u0438\u0442\u0443\u0442 \u0437\u0430 \u043f\u043e\u043b\u0438\u0442\u0438\u0447\u043a\u0435 \u0441\u0442\u0443\u0434\u0438\u0458\u0435\",\"potentialAction\":[{\"@type\":\"SearchAction\",\"target\":{\"@type\":\"EntryPoint\",\"urlTemplate\":\"https:\/\/lux-dog.com\/?s={search_term_string}\"},\"query-input\":\"required name=search_term_string\"}],\"inLanguage\":\"en-US\"}]}<\/script>\n<!-- \/ Yoast SEO plugin. -->","yoast_head_json":{"title":"Research centres - ips","robots":{"index":"index","follow":"follow","max-snippet":"max-snippet:-1","max-image-preview":"max-image-preview:large","max-video-preview":"max-video-preview:-1"},"canonical":"https:\/\/lux-dog.com\/en\/research-centres\/","og_locale":"en_US","og_type":"article","og_title":"Research centres - ips","og_description":"\u00a0 1. CENTER FOR GEOPOLITICS \u00a0 \u00a01. Milomir Stepi\u0107\u00a0 (Head of Research Center) \u00a02. Mirjana Radoji\u010di\u0107 \u00a03. Marko Pejkovi\u0107 \u00a04. Aleksandar Luki\u0107 \u00a05. Olga Stevanovi\u0107 \u00a06. Bojana Sekuli\u0107 \u00a07. Du\u0161an Gujani\u010di\u0107 \u00a0 \u00a02. CENTER FOR KOSOVO AND METOHIA \u00a0 \u00a01. Aleksandra Mirovi\u0107 Jankovi\u0107 (Head of Research Center) \u00a02. Mom\u010dilo Suboti\u0107 \u00a03. \u0110uro Bodro\u017ei\u0107 \u00a04. Jelena [&hellip;]","og_url":"https:\/\/lux-dog.com\/en\/research-centres\/","og_site_name":"ips","article_modified_time":"2024-11-13T10:12:00+00:00","twitter_card":"summary_large_image","twitter_misc":{"Est. reading time":"3 minutes"},"schema":{"@context":"https:\/\/schema.org","@graph":[{"@type":"WebPage","@id":"https:\/\/lux-dog.com\/en\/research-centres\/","url":"https:\/\/lux-dog.com\/en\/research-centres\/","name":"Research centres - ips","isPartOf":{"@id":"https:\/\/lux-dog.com\/#website"},"datePublished":"2023-06-19T12:15:04+00:00","dateModified":"2024-11-13T10:12:00+00:00","breadcrumb":{"@id":"https:\/\/lux-dog.com\/en\/research-centres\/#breadcrumb"},"inLanguage":"en-US","potentialAction":[{"@type":"ReadAction","target":["https:\/\/lux-dog.com\/en\/research-centres\/"]}]},{"@type":"BreadcrumbList","@id":"https:\/\/lux-dog.com\/en\/research-centres\/#breadcrumb","itemListElement":[{"@type":"ListItem","position":1,"name":"Home","item":"https:\/\/lux-dog.com\/en\/"},{"@type":"ListItem","position":2,"name":"Research centres"}]},{"@type":"WebSite","@id":"https:\/\/lux-dog.com\/#website","url":"https:\/\/lux-dog.com\/","name":"ips","description":"\u0418\u043d\u0441\u0442\u0438\u0442\u0443\u0442 \u0437\u0430 \u043f\u043e\u043b\u0438\u0442\u0438\u0447\u043a\u0435 \u0441\u0442\u0443\u0434\u0438\u0458\u0435","potentialAction":[{"@type":"SearchAction","target":{"@type":"EntryPoint","urlTemplate":"https:\/\/lux-dog.com\/?s={search_term_string}"},"query-input":"required name=search_term_string"}],"inLanguage":"en-US"}]}},"_links":{"self":[{"href":"https:\/\/lux-dog.com\/en\/wp-json\/wp\/v2\/pages\/33542","targetHints":{"allow":["GET"]}}],"collection":[{"href":"https:\/\/lux-dog.com\/en\/wp-json\/wp\/v2\/pages"}],"about":[{"href":"https:\/\/lux-dog.com\/en\/wp-json\/wp\/v2\/types\/page"}],"author":[{"embeddable":true,"href":"https:\/\/lux-dog.com\/en\/wp-json\/wp\/v2\/users\/2"}],"replies":[{"embeddable":true,"href":"https:\/\/lux-dog.com\/en\/wp-json\/wp\/v2\/comments?post=33542"}],"version-history":[{"count":85,"href":"https:\/\/lux-dog.com\/en\/wp-json\/wp\/v2\/pages\/33542\/revisions"}],"predecessor-version":[{"id":40622,"href":"https:\/\/lux-dog.com\/en\/wp-json\/wp\/v2\/pages\/33542\/revisions\/40622"}],"wp:attachment":[{"href":"https:\/\/lux-dog.com\/en\/wp-json\/wp\/v2\/media?parent=33542"}],"curies":[{"name":"wp","href":"https:\/\/api.w.org\/{rel}","templated":true}]}}