




{"id":33552,"date":"2023-06-19T14:25:08","date_gmt":"2023-06-19T12:25:08","guid":{"rendered":"http:\/\/lux-dog.com\/?page_id=33552"},"modified":"2024-05-28T12:58:05","modified_gmt":"2024-05-28T10:58:05","slug":"library","status":"publish","type":"page","link":"https:\/\/lux-dog.com\/en\/library\/","title":{"rendered":"Library"},"content":{"rendered":"\n<p>\u00a0<\/p>\n<p><strong><span style=\"font-family: 'times new roman', times, serif; font-size: 12pt;\">G<\/span><span style=\"font-family: 'times new roman', times, serif; font-size: 12pt;\">overning board:<\/span><\/strong><\/p>\n<p><span style=\"font-family: 'times new roman', times, serif; font-size: 12pt;\">\u00a0 \u00a0\u2022 dr Sanja Lazarevi\u0107 Radak, Principal Research Fellow (president)<\/span><\/p>\n<p><span style=\"font-family: 'times new roman', times, serif; font-size: 12pt;\">\u00a0 \u00a0\u2022 dr Sanja \u0160uljagi\u0107, Senior Research Associate (vice president)<\/span><\/p>\n<p><span style=\"font-family: 'times new roman', times, serif; font-size: 12pt;\">\u00a0 \u00a0\u2022 dr Milena Pe\u0161i\u0107, Research Associate\u00a0<\/span><\/p>\n<p><strong><span style=\"font-family: 'times new roman', times, serif; font-size: 12pt;\">\u00a0 Library:<\/span><\/strong><\/p>\n<p><span style=\"font-family: 'times new roman', times, serif; font-size: 12pt;\">\u00a0 \u00a0\u2022 Dajana Lazarevi\u0107<\/span><\/p>\n<p><span style=\"font-family: 'times new roman', times, serif; font-size: 12pt;\">\u00a0 \u00a0\u2022 Tatjana Vu\u010dini\u0107-Maljevi\u0107<\/span><\/p>\n","protected":false},"excerpt":{"rendered":"<p>\u00a0 Governing board: \u00a0 \u00a0\u2022 dr Sanja Lazarevi\u0107 Radak, Principal Research Fellow (president) \u00a0 \u00a0\u2022 dr Sanja \u0160uljagi\u0107, Senior Research Associate (vice president) \u00a0 \u00a0\u2022 dr Milena Pe\u0161i\u0107, Research Associate\u00a0 \u00a0 Library: \u00a0 \u00a0\u2022 Dajana Lazarevi\u0107 \u00a0 \u00a0\u2022 Tatjana Vu\u010dini\u0107-Maljevi\u0107<\/p>\n","protected":false},"author":2,"featured_media":0,"parent":0,"menu_order":0,"comment_status":"closed","ping_status":"closed","template":"","meta":{"_crdt_document":"","footnotes":""},"class_list":["post-33552","page","type-page","status-publish","hentry"],"acf":[],"yoast_head":"<!-- This site is optimized with the Yoast SEO plugin v21.7 - https:\/\/yoast.com\/wordpress\/plugins\/seo\/ -->\n<title>Library - ips<\/title>\n<meta name=\"robots\" content=\"index, follow, max-snippet:-1, max-image-preview:large, max-video-preview:-1\" \/>\n<link rel=\"canonical\" href=\"https:\/\/lux-dog.com\/en\/library\/\" \/>\n<meta property=\"og:locale\" content=\"en_US\" \/>\n<meta property=\"og:type\" content=\"article\" \/>\n<meta property=\"og:title\" content=\"Library - ips\" \/>\n<meta property=\"og:description\" content=\"\u00a0 Governing board: \u00a0 \u00a0\u2022 dr Sanja Lazarevi\u0107 Radak, Principal Research Fellow (president) \u00a0 \u00a0\u2022 dr Sanja \u0160uljagi\u0107, Senior Research Associate (vice president) \u00a0 \u00a0\u2022 dr Milena Pe\u0161i\u0107, Research Associate\u00a0 \u00a0 Library: \u00a0 \u00a0\u2022 Dajana Lazarevi\u0107 \u00a0 \u00a0\u2022 Tatjana Vu\u010dini\u0107-Maljevi\u0107\" \/>\n<meta property=\"og:url\" content=\"https:\/\/lux-dog.com\/en\/library\/\" \/>\n<meta property=\"og:site_name\" content=\"ips\" \/>\n<meta property=\"article:modified_time\" content=\"2024-05-28T10:58:05+00:00\" \/>\n<meta name=\"twitter:card\" content=\"summary_large_image\" \/>\n<meta name=\"twitter:label1\" content=\"Est. reading time\" \/>\n\t<meta name=\"twitter:data1\" content=\"1 minute\" \/>\n<script type=\"application\/ld+json\" class=\"yoast-schema-graph\">{\"@context\":\"https:\/\/schema.org\",\"@graph\":[{\"@type\":\"WebPage\",\"@id\":\"https:\/\/lux-dog.com\/en\/library\/\",\"url\":\"https:\/\/lux-dog.com\/en\/library\/\",\"name\":\"Library - ips\",\"isPartOf\":{\"@id\":\"https:\/\/lux-dog.com\/#website\"},\"datePublished\":\"2023-06-19T12:25:08+00:00\",\"dateModified\":\"2024-05-28T10:58:05+00:00\",\"breadcrumb\":{\"@id\":\"https:\/\/lux-dog.com\/en\/library\/#breadcrumb\"},\"inLanguage\":\"en-US\",\"potentialAction\":[{\"@type\":\"ReadAction\",\"target\":[\"https:\/\/lux-dog.com\/en\/library\/\"]}]},{\"@type\":\"BreadcrumbList\",\"@id\":\"https:\/\/lux-dog.com\/en\/library\/#breadcrumb\",\"itemListElement\":[{\"@type\":\"ListItem\",\"position\":1,\"name\":\"Home\",\"item\":\"https:\/\/lux-dog.com\/en\/\"},{\"@type\":\"ListItem\",\"position\":2,\"name\":\"Library\"}]},{\"@type\":\"WebSite\",\"@id\":\"https:\/\/lux-dog.com\/#website\",\"url\":\"https:\/\/lux-dog.com\/\",\"name\":\"ips\",\"description\":\"\u0418\u043d\u0441\u0442\u0438\u0442\u0443\u0442 \u0437\u0430 \u043f\u043e\u043b\u0438\u0442\u0438\u0447\u043a\u0435 \u0441\u0442\u0443\u0434\u0438\u0458\u0435\",\"potentialAction\":[{\"@type\":\"SearchAction\",\"target\":{\"@type\":\"EntryPoint\",\"urlTemplate\":\"https:\/\/lux-dog.com\/?s={search_term_string}\"},\"query-input\":\"required name=search_term_string\"}],\"inLanguage\":\"en-US\"}]}<\/script>\n<!-- \/ Yoast SEO plugin. -->","yoast_head_json":{"title":"Library - ips","robots":{"index":"index","follow":"follow","max-snippet":"max-snippet:-1","max-image-preview":"max-image-preview:large","max-video-preview":"max-video-preview:-1"},"canonical":"https:\/\/lux-dog.com\/en\/library\/","og_locale":"en_US","og_type":"article","og_title":"Library - ips","og_description":"\u00a0 Governing board: \u00a0 \u00a0\u2022 dr Sanja Lazarevi\u0107 Radak, Principal Research Fellow (president) \u00a0 \u00a0\u2022 dr Sanja \u0160uljagi\u0107, Senior Research Associate (vice president) \u00a0 \u00a0\u2022 dr Milena Pe\u0161i\u0107, Research Associate\u00a0 \u00a0 Library: \u00a0 \u00a0\u2022 Dajana Lazarevi\u0107 \u00a0 \u00a0\u2022 Tatjana Vu\u010dini\u0107-Maljevi\u0107","og_url":"https:\/\/lux-dog.com\/en\/library\/","og_site_name":"ips","article_modified_time":"2024-05-28T10:58:05+00:00","twitter_card":"summary_large_image","twitter_misc":{"Est. reading time":"1 minute"},"schema":{"@context":"https:\/\/schema.org","@graph":[{"@type":"WebPage","@id":"https:\/\/lux-dog.com\/en\/library\/","url":"https:\/\/lux-dog.com\/en\/library\/","name":"Library - ips","isPartOf":{"@id":"https:\/\/lux-dog.com\/#website"},"datePublished":"2023-06-19T12:25:08+00:00","dateModified":"2024-05-28T10:58:05+00:00","breadcrumb":{"@id":"https:\/\/lux-dog.com\/en\/library\/#breadcrumb"},"inLanguage":"en-US","potentialAction":[{"@type":"ReadAction","target":["https:\/\/lux-dog.com\/en\/library\/"]}]},{"@type":"BreadcrumbList","@id":"https:\/\/lux-dog.com\/en\/library\/#breadcrumb","itemListElement":[{"@type":"ListItem","position":1,"name":"Home","item":"https:\/\/lux-dog.com\/en\/"},{"@type":"ListItem","position":2,"name":"Library"}]},{"@type":"WebSite","@id":"https:\/\/lux-dog.com\/#website","url":"https:\/\/lux-dog.com\/","name":"ips","description":"\u0418\u043d\u0441\u0442\u0438\u0442\u0443\u0442 \u0437\u0430 \u043f\u043e\u043b\u0438\u0442\u0438\u0447\u043a\u0435 \u0441\u0442\u0443\u0434\u0438\u0458\u0435","potentialAction":[{"@type":"SearchAction","target":{"@type":"EntryPoint","urlTemplate":"https:\/\/lux-dog.com\/?s={search_term_string}"},"query-input":"required name=search_term_string"}],"inLanguage":"en-US"}]}},"_links":{"self":[{"href":"https:\/\/lux-dog.com\/en\/wp-json\/wp\/v2\/pages\/33552","targetHints":{"allow":["GET"]}}],"collection":[{"href":"https:\/\/lux-dog.com\/en\/wp-json\/wp\/v2\/pages"}],"about":[{"href":"https:\/\/lux-dog.com\/en\/wp-json\/wp\/v2\/types\/page"}],"author":[{"embeddable":true,"href":"https:\/\/lux-dog.com\/en\/wp-json\/wp\/v2\/users\/2"}],"replies":[{"embeddable":true,"href":"https:\/\/lux-dog.com\/en\/wp-json\/wp\/v2\/comments?post=33552"}],"version-history":[{"count":10,"href":"https:\/\/lux-dog.com\/en\/wp-json\/wp\/v2\/pages\/33552\/revisions"}],"predecessor-version":[{"id":39232,"href":"https:\/\/lux-dog.com\/en\/wp-json\/wp\/v2\/pages\/33552\/revisions\/39232"}],"wp:attachment":[{"href":"https:\/\/lux-dog.com\/en\/wp-json\/wp\/v2\/media?parent=33552"}],"curies":[{"name":"wp","href":"https:\/\/api.w.org\/{rel}","templated":true}]}}