




{"id":33622,"date":"2023-06-20T12:58:58","date_gmt":"2023-06-20T10:58:58","guid":{"rendered":"http:\/\/lux-dog.com\/?page_id=33622"},"modified":"2024-11-13T11:15:25","modified_gmt":"2024-11-13T10:15:25","slug":"scientific-council","status":"publish","type":"page","link":"https:\/\/lux-dog.com\/en\/scientific-council\/","title":{"rendered":"Scientific Council"},"content":{"rendered":"\n<p>\u00a0<\/p>\n<p><span style=\"background-color: #ffffff; font-size: 12pt; font-family: 'times new roman', times, serif;\"><strong>\u00a0 \u00a0SCIENTIFIC COUNCIL<\/strong><\/span><\/p>\n<p>\u00a0<\/p>\n<p><span style=\"font-family: 'times new roman', times, serif;\">\u00a0 \u00a0Dr. Mi\u0161a Stojadinovi\u0107, Principal Research Fellow<\/span><\/p>\n<p>\u00a0<\/p>\n<p><span style=\"font-family: 'times new roman', times, serif;\">\u00a0 \u00a0Dr. Zoran Milo\u0161evi\u0107, Principal Research Fellow<\/span><\/p>\n<p>\u00a0<\/p>\n<p><span style=\"font-family: 'times new roman', times, serif;\">\u00a0 \u00a0Dr. Milomir Stepi\u0107, Principal Research Fellow<\/span><\/p>\n<p><span style=\"font-family: 'times new roman', times, serif;\">\u00a0 \u00a0<\/span><\/p>\n<p><span style=\"font-family: 'times new roman', times, serif;\">\u00a0 \u00a0Dr. Ljubi\u0161a Despotovi\u0107, Principal Research Fellow<\/span><\/p>\n<p><span style=\"font-family: 'times new roman', times, serif;\">\u00a0 \u00a0<\/span><\/p>\n<p><span style=\"font-family: 'times new roman', times, serif;\">\u00a0 \u00a0Dr. Nada Radu\u0161ki, Principal Research Fellow<\/span><\/p>\n<p>\u00a0<\/p>\n<p><span style=\"font-family: 'times new roman', times, serif;\">\u00a0 \u00a0Dr. Mom\u010dilo Suboti\u0107, Principal Research Fellow<\/span><\/p>\n<p><br \/><span style=\"font-family: 'times new roman', times, serif;\">\u00a0 \u00a0Dr. Dragan Markovi\u0107, Principal Research Fellow<\/span><\/p>\n<p><br \/><span style=\"font-family: 'times new roman', times, serif;\">\u00a0 \u00a0Dr. Igor Janev, Principal Research Fellow<\/span><\/p>\n<p><br \/><span style=\"font-family: 'times new roman', times, serif;\">\u00a0 \u00a0Dr. Sanja Lazarevic Radak, Principal Research Fellow<\/span><\/p>\n<p>\u00a0 \u00a0<\/p>\n<p>\u00a0 \u00a0Dr. Ana \u010covi\u0107, Principal Research Fellow<\/p>\n<p>\u00a0<\/p>\n<p><span style=\"font-family: 'times new roman', times, serif;\">\u00a0 \u00a0Dr. Sanja \u0160uljagi\u0107, Senior Research Associate<\/span><\/p>\n<p>\u00a0<\/p>\n<p><span style=\"font-family: 'times new roman', times, serif;\">\u00a0 \u00a0Dr. Vladan Stankovi\u0107, Senior Research Associate<\/span><\/p>\n<p><br \/><span style=\"font-family: 'times new roman', times, serif;\">\u00a0 \u00a0Dr. \u0110uro Bodro\u017ei\u0107, Senior Research Associate<\/span><\/p>\n<p>\u00a0<\/p>\n<p><span style=\"font-family: 'times new roman', times, serif;\">\u00a0 \u00a0Dr. Vesna Stankovi\u0107 Pejnovi\u0107, Senior Research Associate<\/span><\/p>\n<p>\u00a0<\/p>\n<p><span style=\"font-family: 'times new roman', times, serif;\">\u00a0 \u00a0Dr. Marija \u0110ori\u0107, Senior Research Associate<\/span><\/p>\n<p>\u00a0<\/p>\n<p><span style=\"font-family: 'times new roman', times, serif;\">\u00a0 \u00a0Dr. Bogdana Koljevi\u0107 Griffith, Senior Research Associate<\/span><\/p>\n<p>\u00a0<\/p>\n<p><span style=\"font-family: 'times new roman', times, serif;\">\u00a0 \u00a0Dr. Aleksandra Kolakovi\u0107, Senior Research Associate<\/span><\/p>\n<p>\u00a0<\/p>\n<p><span style=\"font-family: 'times new roman', times, serif;\">\u00a0 \u00a0Dr. Sr\u0111an Kora\u0107, Senior Research Associate<\/span><\/p>\n<p>\u00a0<\/p>\n<p><span style=\"font-family: 'times new roman', times, serif;\">\u00a0 \u00a0Dr. Mirjana Radoji\u010di\u0107, Senior Research Associate<\/span><\/p>\n<p>\u00a0<\/p>\n<p><span style=\"font-family: 'times new roman', times, serif;\">\u00a0 \u00a0Dr. Jelena Todorovi\u0107 Lazi\u0107, Senior Research Associate<\/span><\/p>\n<p>\u00a0<\/p>\n<p><span style=\"font-family: 'times new roman', times, serif;\">\u00a0 \u00a0Dr. Tijana Peri\u0107 Diligenski, Senior Research Associate<\/span><\/p>\n<p>\u00a0<\/p>\n<p><span style=\"font-family: 'times new roman', times, serif;\">\u00a0 \u00a0Dr. Stevan Rapai\u0107, Senior Research Associate<\/span><\/p>\n<p>\u00a0<\/p>\n<p><span style=\"font-family: 'times new roman', times, serif;\">\u00a0 \u00a0Dr. Jelena Miljkovi\u0107 Mati\u0107, Research Associate<\/span><\/p>\n<p>\u00a0<\/p>\n<p><span style=\"font-family: 'times new roman', times, serif;\">\u00a0 \u00a0Dr. Goran Bud\u017eak, Research Associate<\/span><\/p>\n<p>\u00a0<\/p>\n<p><span style=\"font-family: 'times new roman', times, serif;\">\u00a0 \u00a0Dr. Petar Mati\u0107, Research Associate<\/span><\/p>\n<p>\u00a0<\/p>\n<p><span style=\"font-family: 'times new roman', times, serif;\">\u00a0 \u00a0Dr. Milena Pe\u0161i\u0107, Research Associate<\/span><\/p>\n<p>\u00a0<\/p>\n<p><span style=\"font-family: 'times new roman', times, serif;\">\u00a0 \u00a0Dr. Sanja Sto\u0161i\u0107, Research Associate<\/span><\/p>\n<p>\u00a0<\/p>\n<p><span style=\"font-family: 'times new roman', times, serif;\">\u00a0 \u00a0Dr. Du\u0161an Dostani\u0107, Research Associate<\/span><\/p>\n<p>\u00a0<\/p>\n<p><span style=\"font-family: 'times new roman', times, serif;\">\u00a0 \u00a0Dr. Marko Pejkovi\u0107, Research Associate<\/span><\/p>\n<p>\u00a0<\/p>\n<p><span style=\"font-family: 'times new roman', times, serif;\">\u00a0 \u00a0Dr. Nikola Mladenovi\u0107, Research Associate<\/span><\/p>\n<p>\u00a0<\/p>\n<p><span style=\"font-family: 'times new roman', times, serif;\">\u00a0 \u00a0Dr. Zoran Milosavljevi\u0107, Research Associate<\/span><\/p>\n<p>\u00a0<\/p>\n<p><span style=\"font-family: 'times new roman', times, serif;\">\u00a0 \u00a0Dr. Vi\u0161nja Stojadinovi\u0107, Research Associate<\/span><\/p>\n<p>\u00a0<\/p>\n<p><span style=\"font-family: 'times new roman', times, serif;\">\u00a0 \u00a0Dr. Ivan Mati\u0107, Research Associate<\/span><\/p>\n<p>\u00a0<\/p>\n<p><span style=\"font-family: 'times new roman', times, serif;\">\u00a0 \u00a0Dr. Mijodrag Radojevi\u0107, Research Associate<\/span><\/p>\n<p>\u00a0<\/p>\n<p><span style=\"font-family: 'times new roman', times, serif;\">\u00a0 \u00a0Dr. Ivana Luknar, Research Associate<\/span><\/p>\n<p>\u00a0<\/p>\n<p><span style=\"font-family: 'times new roman', times, serif;\">\u00a0 \u00a0Dr. Jovan Janji\u0107, Research Associate<\/span><\/p>\n<p>\u00a0<\/p>\n<p><span style=\"font-family: 'times new roman', times, serif;\">\u00a0 \u00a0Dr. Aleksandar Luki\u0107, Research Associate<\/span><\/p>\n<p>\u00a0<\/p>\n<p><span style=\"font-family: 'times new roman', times, serif;\">\u00a0 \u00a0Dr. Marta Ne\u0161kovi\u0107, Research Associate<\/span><\/p>\n<p><span style=\"font-family: 'times new roman', times, serif;\">\u00a0 \u00a0<\/span><\/p>\n<p><span style=\"font-family: 'times new roman', times, serif;\">\u00a0 \u00a0Dr. Adriana Grmusa, Research Associate<\/span><\/p>\n<p>\u00a0<\/p>\n<p><span style=\"font-family: 'times new roman', times, serif;\">\u00a0 \u00a0 Dr. Vanja Glishin, Research Associate<\/span><\/p>\n<p>\u00a0<\/p>\n<p><span style=\"font-family: 'times new roman', times, serif;\">\u00a0 \u00a0Dr. Aleksandra Mirovi\u0107 Jankovi\u0107, Research Associate<\/span><\/p>\n<p>\u00a0<\/p>\n<p><span style=\"font-family: 'times new roman', times, serif;\">\u00a0 \u00a0Dr. \u0110or\u0111e Stojanovi\u0107, Research Associate<\/span><\/p>\n<p>\u00a0<\/p>\n<p><span style=\"font-family: 'times new roman', times, serif;\">\u00a0 \u00a0Dr. Marija Doki\u0107, Research Associate<\/span><br \/><br \/><\/p>\n<p>\u00a0 \u00a0Dr. Mario Kalik, Research Associate<\/p>\n<p>\u00a0<\/p>\n<p>\u00a0<\/p>\n<p>\u00a0<\/p>\n","protected":false},"excerpt":{"rendered":"<p>\u00a0 \u00a0 \u00a0SCIENTIFIC COUNCIL \u00a0 \u00a0 \u00a0Dr. Mi\u0161a Stojadinovi\u0107, Principal Research Fellow \u00a0 \u00a0 \u00a0Dr. Zoran Milo\u0161evi\u0107, Principal Research Fellow \u00a0 \u00a0 \u00a0Dr. Milomir Stepi\u0107, Principal Research Fellow \u00a0 \u00a0 \u00a0 \u00a0Dr. Ljubi\u0161a Despotovi\u0107, Principal Research Fellow \u00a0 \u00a0 \u00a0 \u00a0Dr. Nada Radu\u0161ki, Principal Research Fellow \u00a0 \u00a0 \u00a0Dr. Mom\u010dilo Suboti\u0107, Principal Research Fellow \u00a0 [&hellip;]<\/p>\n","protected":false},"author":2,"featured_media":0,"parent":0,"menu_order":0,"comment_status":"closed","ping_status":"closed","template":"","meta":{"_crdt_document":"","footnotes":""},"class_list":["post-33622","page","type-page","status-publish","hentry"],"acf":[],"yoast_head":"<!-- This site is optimized with the Yoast SEO plugin v21.7 - https:\/\/yoast.com\/wordpress\/plugins\/seo\/ -->\n<title>Scientific Council - ips<\/title>\n<meta name=\"robots\" content=\"index, follow, max-snippet:-1, max-image-preview:large, max-video-preview:-1\" \/>\n<link rel=\"canonical\" href=\"https:\/\/lux-dog.com\/en\/scientific-council\/\" \/>\n<meta property=\"og:locale\" content=\"en_US\" \/>\n<meta property=\"og:type\" content=\"article\" \/>\n<meta property=\"og:title\" content=\"Scientific Council - ips\" \/>\n<meta property=\"og:description\" content=\"\u00a0 \u00a0 \u00a0SCIENTIFIC COUNCIL \u00a0 \u00a0 \u00a0Dr. Mi\u0161a Stojadinovi\u0107, Principal Research Fellow \u00a0 \u00a0 \u00a0Dr. Zoran Milo\u0161evi\u0107, Principal Research Fellow \u00a0 \u00a0 \u00a0Dr. Milomir Stepi\u0107, Principal Research Fellow \u00a0 \u00a0 \u00a0 \u00a0Dr. Ljubi\u0161a Despotovi\u0107, Principal Research Fellow \u00a0 \u00a0 \u00a0 \u00a0Dr. Nada Radu\u0161ki, Principal Research Fellow \u00a0 \u00a0 \u00a0Dr. Mom\u010dilo Suboti\u0107, Principal Research Fellow \u00a0 [&hellip;]\" \/>\n<meta property=\"og:url\" content=\"https:\/\/lux-dog.com\/en\/scientific-council\/\" \/>\n<meta property=\"og:site_name\" content=\"ips\" \/>\n<meta property=\"article:modified_time\" content=\"2024-11-13T10:15:25+00:00\" \/>\n<meta name=\"twitter:card\" content=\"summary_large_image\" \/>\n<meta name=\"twitter:label1\" content=\"Est. reading time\" \/>\n\t<meta name=\"twitter:data1\" content=\"2 minutes\" \/>\n<script type=\"application\/ld+json\" class=\"yoast-schema-graph\">{\"@context\":\"https:\/\/schema.org\",\"@graph\":[{\"@type\":\"WebPage\",\"@id\":\"https:\/\/lux-dog.com\/en\/scientific-council\/\",\"url\":\"https:\/\/lux-dog.com\/en\/scientific-council\/\",\"name\":\"Scientific Council - ips\",\"isPartOf\":{\"@id\":\"https:\/\/lux-dog.com\/#website\"},\"datePublished\":\"2023-06-20T10:58:58+00:00\",\"dateModified\":\"2024-11-13T10:15:25+00:00\",\"breadcrumb\":{\"@id\":\"https:\/\/lux-dog.com\/en\/scientific-council\/#breadcrumb\"},\"inLanguage\":\"en-US\",\"potentialAction\":[{\"@type\":\"ReadAction\",\"target\":[\"https:\/\/lux-dog.com\/en\/scientific-council\/\"]}]},{\"@type\":\"BreadcrumbList\",\"@id\":\"https:\/\/lux-dog.com\/en\/scientific-council\/#breadcrumb\",\"itemListElement\":[{\"@type\":\"ListItem\",\"position\":1,\"name\":\"Home\",\"item\":\"https:\/\/lux-dog.com\/en\/\"},{\"@type\":\"ListItem\",\"position\":2,\"name\":\"Scientific Council\"}]},{\"@type\":\"WebSite\",\"@id\":\"https:\/\/lux-dog.com\/#website\",\"url\":\"https:\/\/lux-dog.com\/\",\"name\":\"ips\",\"description\":\"\u0418\u043d\u0441\u0442\u0438\u0442\u0443\u0442 \u0437\u0430 \u043f\u043e\u043b\u0438\u0442\u0438\u0447\u043a\u0435 \u0441\u0442\u0443\u0434\u0438\u0458\u0435\",\"potentialAction\":[{\"@type\":\"SearchAction\",\"target\":{\"@type\":\"EntryPoint\",\"urlTemplate\":\"https:\/\/lux-dog.com\/?s={search_term_string}\"},\"query-input\":\"required name=search_term_string\"}],\"inLanguage\":\"en-US\"}]}<\/script>\n<!-- \/ Yoast SEO plugin. -->","yoast_head_json":{"title":"Scientific Council - ips","robots":{"index":"index","follow":"follow","max-snippet":"max-snippet:-1","max-image-preview":"max-image-preview:large","max-video-preview":"max-video-preview:-1"},"canonical":"https:\/\/lux-dog.com\/en\/scientific-council\/","og_locale":"en_US","og_type":"article","og_title":"Scientific Council - ips","og_description":"\u00a0 \u00a0 \u00a0SCIENTIFIC COUNCIL \u00a0 \u00a0 \u00a0Dr. Mi\u0161a Stojadinovi\u0107, Principal Research Fellow \u00a0 \u00a0 \u00a0Dr. Zoran Milo\u0161evi\u0107, Principal Research Fellow \u00a0 \u00a0 \u00a0Dr. Milomir Stepi\u0107, Principal Research Fellow \u00a0 \u00a0 \u00a0 \u00a0Dr. Ljubi\u0161a Despotovi\u0107, Principal Research Fellow \u00a0 \u00a0 \u00a0 \u00a0Dr. Nada Radu\u0161ki, Principal Research Fellow \u00a0 \u00a0 \u00a0Dr. Mom\u010dilo Suboti\u0107, Principal Research Fellow \u00a0 [&hellip;]","og_url":"https:\/\/lux-dog.com\/en\/scientific-council\/","og_site_name":"ips","article_modified_time":"2024-11-13T10:15:25+00:00","twitter_card":"summary_large_image","twitter_misc":{"Est. reading time":"2 minutes"},"schema":{"@context":"https:\/\/schema.org","@graph":[{"@type":"WebPage","@id":"https:\/\/lux-dog.com\/en\/scientific-council\/","url":"https:\/\/lux-dog.com\/en\/scientific-council\/","name":"Scientific Council - ips","isPartOf":{"@id":"https:\/\/lux-dog.com\/#website"},"datePublished":"2023-06-20T10:58:58+00:00","dateModified":"2024-11-13T10:15:25+00:00","breadcrumb":{"@id":"https:\/\/lux-dog.com\/en\/scientific-council\/#breadcrumb"},"inLanguage":"en-US","potentialAction":[{"@type":"ReadAction","target":["https:\/\/lux-dog.com\/en\/scientific-council\/"]}]},{"@type":"BreadcrumbList","@id":"https:\/\/lux-dog.com\/en\/scientific-council\/#breadcrumb","itemListElement":[{"@type":"ListItem","position":1,"name":"Home","item":"https:\/\/lux-dog.com\/en\/"},{"@type":"ListItem","position":2,"name":"Scientific Council"}]},{"@type":"WebSite","@id":"https:\/\/lux-dog.com\/#website","url":"https:\/\/lux-dog.com\/","name":"ips","description":"\u0418\u043d\u0441\u0442\u0438\u0442\u0443\u0442 \u0437\u0430 \u043f\u043e\u043b\u0438\u0442\u0438\u0447\u043a\u0435 \u0441\u0442\u0443\u0434\u0438\u0458\u0435","potentialAction":[{"@type":"SearchAction","target":{"@type":"EntryPoint","urlTemplate":"https:\/\/lux-dog.com\/?s={search_term_string}"},"query-input":"required name=search_term_string"}],"inLanguage":"en-US"}]}},"_links":{"self":[{"href":"https:\/\/lux-dog.com\/en\/wp-json\/wp\/v2\/pages\/33622","targetHints":{"allow":["GET"]}}],"collection":[{"href":"https:\/\/lux-dog.com\/en\/wp-json\/wp\/v2\/pages"}],"about":[{"href":"https:\/\/lux-dog.com\/en\/wp-json\/wp\/v2\/types\/page"}],"author":[{"embeddable":true,"href":"https:\/\/lux-dog.com\/en\/wp-json\/wp\/v2\/users\/2"}],"replies":[{"embeddable":true,"href":"https:\/\/lux-dog.com\/en\/wp-json\/wp\/v2\/comments?post=33622"}],"version-history":[{"count":23,"href":"https:\/\/lux-dog.com\/en\/wp-json\/wp\/v2\/pages\/33622\/revisions"}],"predecessor-version":[{"id":40628,"href":"https:\/\/lux-dog.com\/en\/wp-json\/wp\/v2\/pages\/33622\/revisions\/40628"}],"wp:attachment":[{"href":"https:\/\/lux-dog.com\/en\/wp-json\/wp\/v2\/media?parent=33622"}],"curies":[{"name":"wp","href":"https:\/\/api.w.org\/{rel}","templated":true}]}}