




{"id":33635,"date":"2023-06-20T13:07:39","date_gmt":"2023-06-20T11:07:39","guid":{"rendered":"http:\/\/lux-dog.com\/?page_id=33635"},"modified":"2024-05-28T13:06:04","modified_gmt":"2024-05-28T11:06:04","slug":"board-of-directors","status":"publish","type":"page","link":"https:\/\/lux-dog.com\/en\/board-of-directors\/","title":{"rendered":"Board of Directors"},"content":{"rendered":"\n<p>\u00a0<\/p>\n<p><span style=\"font-family: 'times new roman', times, serif; font-size: 12pt; background-color: #ffffff;\"><strong><span style=\"color: #000000;\">Board of Directors<\/span><\/strong><\/span><\/p>\n<p>\u00a0<\/p>\n<p><span style=\"background-color: #ffffff; font-size: 12pt; color: #000000; font-family: 'times new roman', times, serif;\">Prof. Dr. Uro\u0161 \u0160uvakovi\u0107, Faculty of Education, University of Belgrade, President of the Board of Directors<\/span><\/p>\n<p><span style=\"background-color: #ffffff; font-size: 12pt; color: #000000; font-family: 'times new roman', times, serif;\">Dr. Milomir Stepi\u0107, Principal Research Fellow at the Institute for Political Studies, Belgrade, Deputy President of the Board of Directors<\/span><\/p>\n<p><span style=\"background-color: #ffffff; font-size: 12pt; color: #000000; font-family: 'times new roman', times, serif;\">Prof. Dr. Zoran Jevtovi\u0107, Faculty of Philosophy, University of Ni\u0161<\/span><\/p>\n<p><span style=\"background-color: #ffffff; font-size: 12pt; color: #000000; font-family: 'times new roman', times, serif;\">Prof. Dr. Sini\u0161a Atlagi\u0107, Faculty of Political Sciences, University of Belgrade<\/span><\/p>\n<p><span style=\"background-color: #ffffff; font-size: 12pt; color: #000000; font-family: 'times new roman', times, serif;\">Dr. Aleksandar Milosavljevi\u0107, Doctor of Political Sciences, Belgrade<\/span><\/p>\n<p><span style=\"background-color: #ffffff; font-size: 12pt; color: #000000; font-family: 'times new roman', times, serif;\">Dr. Ljubi\u0161a Despotovi\u0107, Principal Research Fellow at the Institute for Political Studies, Belgrade<\/span><\/p>\n<p><span style=\"background-color: #ffffff; font-size: 12pt; color: #000000; font-family: 'times new roman', times, serif;\">Dr. \u0110uro Bodro\u017ei\u0107, Senior Research Associate at the Institute for Political Studies, Belgrade<\/span><\/p>\n","protected":false},"excerpt":{"rendered":"<p>\u00a0 Board of Directors \u00a0 Prof. Dr. Uro\u0161 \u0160uvakovi\u0107, Faculty of Education, University of Belgrade, President of the Board of Directors Dr. Milomir Stepi\u0107, Principal Research Fellow at the Institute for Political Studies, Belgrade, Deputy President of the Board of Directors Prof. Dr. Zoran Jevtovi\u0107, Faculty of Philosophy, University of Ni\u0161 Prof. Dr. Sini\u0161a Atlagi\u0107, [&hellip;]<\/p>\n","protected":false},"author":2,"featured_media":0,"parent":0,"menu_order":0,"comment_status":"closed","ping_status":"closed","template":"","meta":{"_crdt_document":"","footnotes":""},"class_list":["post-33635","page","type-page","status-publish","hentry"],"acf":[],"yoast_head":"<!-- This site is optimized with the Yoast SEO plugin v21.7 - https:\/\/yoast.com\/wordpress\/plugins\/seo\/ -->\n<title>Board of Directors - ips<\/title>\n<meta name=\"robots\" content=\"index, follow, max-snippet:-1, max-image-preview:large, max-video-preview:-1\" \/>\n<link rel=\"canonical\" href=\"https:\/\/lux-dog.com\/en\/board-of-directors\/\" \/>\n<meta property=\"og:locale\" content=\"en_US\" \/>\n<meta property=\"og:type\" content=\"article\" \/>\n<meta property=\"og:title\" content=\"Board of Directors - ips\" \/>\n<meta property=\"og:description\" content=\"\u00a0 Board of Directors \u00a0 Prof. Dr. Uro\u0161 \u0160uvakovi\u0107, Faculty of Education, University of Belgrade, President of the Board of Directors Dr. Milomir Stepi\u0107, Principal Research Fellow at the Institute for Political Studies, Belgrade, Deputy President of the Board of Directors Prof. Dr. Zoran Jevtovi\u0107, Faculty of Philosophy, University of Ni\u0161 Prof. Dr. Sini\u0161a Atlagi\u0107, [&hellip;]\" \/>\n<meta property=\"og:url\" content=\"https:\/\/lux-dog.com\/en\/board-of-directors\/\" \/>\n<meta property=\"og:site_name\" content=\"ips\" \/>\n<meta property=\"article:modified_time\" content=\"2024-05-28T11:06:04+00:00\" \/>\n<meta name=\"twitter:card\" content=\"summary_large_image\" \/>\n<meta name=\"twitter:label1\" content=\"Est. reading time\" \/>\n\t<meta name=\"twitter:data1\" content=\"1 minute\" \/>\n<script type=\"application\/ld+json\" class=\"yoast-schema-graph\">{\"@context\":\"https:\/\/schema.org\",\"@graph\":[{\"@type\":\"WebPage\",\"@id\":\"https:\/\/lux-dog.com\/en\/board-of-directors\/\",\"url\":\"https:\/\/lux-dog.com\/en\/board-of-directors\/\",\"name\":\"Board of Directors - ips\",\"isPartOf\":{\"@id\":\"https:\/\/lux-dog.com\/#website\"},\"datePublished\":\"2023-06-20T11:07:39+00:00\",\"dateModified\":\"2024-05-28T11:06:04+00:00\",\"breadcrumb\":{\"@id\":\"https:\/\/lux-dog.com\/en\/board-of-directors\/#breadcrumb\"},\"inLanguage\":\"en-US\",\"potentialAction\":[{\"@type\":\"ReadAction\",\"target\":[\"https:\/\/lux-dog.com\/en\/board-of-directors\/\"]}]},{\"@type\":\"BreadcrumbList\",\"@id\":\"https:\/\/lux-dog.com\/en\/board-of-directors\/#breadcrumb\",\"itemListElement\":[{\"@type\":\"ListItem\",\"position\":1,\"name\":\"Home\",\"item\":\"https:\/\/lux-dog.com\/en\/\"},{\"@type\":\"ListItem\",\"position\":2,\"name\":\"Board of Directors\"}]},{\"@type\":\"WebSite\",\"@id\":\"https:\/\/lux-dog.com\/#website\",\"url\":\"https:\/\/lux-dog.com\/\",\"name\":\"ips\",\"description\":\"\u0418\u043d\u0441\u0442\u0438\u0442\u0443\u0442 \u0437\u0430 \u043f\u043e\u043b\u0438\u0442\u0438\u0447\u043a\u0435 \u0441\u0442\u0443\u0434\u0438\u0458\u0435\",\"potentialAction\":[{\"@type\":\"SearchAction\",\"target\":{\"@type\":\"EntryPoint\",\"urlTemplate\":\"https:\/\/lux-dog.com\/?s={search_term_string}\"},\"query-input\":\"required name=search_term_string\"}],\"inLanguage\":\"en-US\"}]}<\/script>\n<!-- \/ Yoast SEO plugin. -->","yoast_head_json":{"title":"Board of Directors - ips","robots":{"index":"index","follow":"follow","max-snippet":"max-snippet:-1","max-image-preview":"max-image-preview:large","max-video-preview":"max-video-preview:-1"},"canonical":"https:\/\/lux-dog.com\/en\/board-of-directors\/","og_locale":"en_US","og_type":"article","og_title":"Board of Directors - ips","og_description":"\u00a0 Board of Directors \u00a0 Prof. Dr. Uro\u0161 \u0160uvakovi\u0107, Faculty of Education, University of Belgrade, President of the Board of Directors Dr. Milomir Stepi\u0107, Principal Research Fellow at the Institute for Political Studies, Belgrade, Deputy President of the Board of Directors Prof. Dr. Zoran Jevtovi\u0107, Faculty of Philosophy, University of Ni\u0161 Prof. Dr. Sini\u0161a Atlagi\u0107, [&hellip;]","og_url":"https:\/\/lux-dog.com\/en\/board-of-directors\/","og_site_name":"ips","article_modified_time":"2024-05-28T11:06:04+00:00","twitter_card":"summary_large_image","twitter_misc":{"Est. reading time":"1 minute"},"schema":{"@context":"https:\/\/schema.org","@graph":[{"@type":"WebPage","@id":"https:\/\/lux-dog.com\/en\/board-of-directors\/","url":"https:\/\/lux-dog.com\/en\/board-of-directors\/","name":"Board of Directors - ips","isPartOf":{"@id":"https:\/\/lux-dog.com\/#website"},"datePublished":"2023-06-20T11:07:39+00:00","dateModified":"2024-05-28T11:06:04+00:00","breadcrumb":{"@id":"https:\/\/lux-dog.com\/en\/board-of-directors\/#breadcrumb"},"inLanguage":"en-US","potentialAction":[{"@type":"ReadAction","target":["https:\/\/lux-dog.com\/en\/board-of-directors\/"]}]},{"@type":"BreadcrumbList","@id":"https:\/\/lux-dog.com\/en\/board-of-directors\/#breadcrumb","itemListElement":[{"@type":"ListItem","position":1,"name":"Home","item":"https:\/\/lux-dog.com\/en\/"},{"@type":"ListItem","position":2,"name":"Board of Directors"}]},{"@type":"WebSite","@id":"https:\/\/lux-dog.com\/#website","url":"https:\/\/lux-dog.com\/","name":"ips","description":"\u0418\u043d\u0441\u0442\u0438\u0442\u0443\u0442 \u0437\u0430 \u043f\u043e\u043b\u0438\u0442\u0438\u0447\u043a\u0435 \u0441\u0442\u0443\u0434\u0438\u0458\u0435","potentialAction":[{"@type":"SearchAction","target":{"@type":"EntryPoint","urlTemplate":"https:\/\/lux-dog.com\/?s={search_term_string}"},"query-input":"required name=search_term_string"}],"inLanguage":"en-US"}]}},"_links":{"self":[{"href":"https:\/\/lux-dog.com\/en\/wp-json\/wp\/v2\/pages\/33635","targetHints":{"allow":["GET"]}}],"collection":[{"href":"https:\/\/lux-dog.com\/en\/wp-json\/wp\/v2\/pages"}],"about":[{"href":"https:\/\/lux-dog.com\/en\/wp-json\/wp\/v2\/types\/page"}],"author":[{"embeddable":true,"href":"https:\/\/lux-dog.com\/en\/wp-json\/wp\/v2\/users\/2"}],"replies":[{"embeddable":true,"href":"https:\/\/lux-dog.com\/en\/wp-json\/wp\/v2\/comments?post=33635"}],"version-history":[{"count":15,"href":"https:\/\/lux-dog.com\/en\/wp-json\/wp\/v2\/pages\/33635\/revisions"}],"predecessor-version":[{"id":39239,"href":"https:\/\/lux-dog.com\/en\/wp-json\/wp\/v2\/pages\/33635\/revisions\/39239"}],"wp:attachment":[{"href":"https:\/\/lux-dog.com\/en\/wp-json\/wp\/v2\/media?parent=33635"}],"curies":[{"name":"wp","href":"https:\/\/api.w.org\/{rel}","templated":true}]}}